{"id":31,"date":"2022-12-04T12:55:12","date_gmt":"2022-12-04T12:55:12","guid":{"rendered":"https:\/\/vibekeholm.dk\/?page_id=31"},"modified":"2022-12-05T07:45:24","modified_gmt":"2022-12-05T07:45:24","slug":"velkommen-til-vibekeholm-dk","status":"publish","type":"page","link":"https:\/\/vibekeholm.dk\/","title":{"rendered":"Velkommen til Vibekeholm.dk"},"content":{"rendered":"\n<p class=\"has-text-align-center\"><strong>R\u00e5dgivning &amp; livslang l\u00e6ring<\/strong><\/p>\n\n\n\n<p class=\"has-text-align-center\"><strong>Ledelsesr\u00e5dgivning af forretningsdrevet HR Partnerskab i praksis<\/strong><\/p>\n\n\n\n<p class=\"has-text-align-center\"><strong>Karriere og&nbsp;Talent&nbsp;r\u00e5dgivning<\/strong><\/p>\n\n\n\n<p class=\"has-text-align-center\"><strong>Personlig sparring til unik personaleledelse<\/strong><\/p>\n\n\n\n<p class=\"has-text-align-center\"><strong>Udvikling af optimerede On Boarding forl\u00f8b<\/strong><\/p>\n\n\n\n<p class=\"has-text-align-center\"><strong>Optimerede team performance med afs\u00e6t i den enkelte medarbejder<\/strong><\/p>\n\n\n\n<div id=\"wp-block-themeisle-blocks-advanced-columns-a1e5bb46\" class=\"wp-block-themeisle-blocks-advanced-columns has-1-columns has-desktop-equal-layout has-tablet-equal-layout has-mobile-equal-layout has-vertical-unset\"><div class=\"wp-block-themeisle-blocks-advanced-columns-overlay\"><\/div><div class=\"innerblocks-wrap\">\n<div id=\"wp-block-themeisle-blocks-advanced-column-93b5ac71\" class=\"wp-block-themeisle-blocks-advanced-column\">\n<p>Alle fortjener et godt liv med livsgl\u00e6de og energi, og det kr\u00e6ver vi som mennesker er i balance i krop, sind og sj\u00e6l. Balancen betyder, at vi f\u00f8ler os godt tilpas, at vi har gl\u00e6de i hverdagen og nuet, fremdrift og flow i vores tilv\u00e6relse.<\/p>\n\n\n\n<p>Vores veludviklede samfund har desv\u00e6rre ogs\u00e5 den side med sig, at nogle bliver h\u00e6gtet af i form af, at v\u00e6re utilpas, mistet energi og livsgl\u00e6de \u2013 og f.eks. er 35.000 mennesker frav\u00e6rende dagligt fra studier og arbejdsmarkedet p\u00e5 grund af stress, og alle disse tilstande ender i sygemeldinger, og det er ikke tilfredsstillende for nogen.<\/p>\n\n\n\n<p>Flere og flere diagnoser kommer til, hvor de psykiske elementer spiller ind, og desv\u00e6rre virker det som om \u201ddet skal vi leve med\u201d. Nogle er ovenik\u00f8bet taburiseret, s\u00e5 nu skal der ogs\u00e5 leves med en form for skam, &#8211; alt sammen nedbrydende for det sunde v\u00e6sen.<\/p>\n<\/div>\n<\/div><\/div>\n","protected":false},"excerpt":{"rendered":"<p>R\u00e5dgivning &amp; livslang l\u00e6ring Ledelsesr\u00e5dgivning af forretningsdrevet HR Partnerskab i praksis Karriere og&nbsp;Talent&nbsp;r\u00e5dgivning Personlig sparring til unik personaleledelse Udvikling af optimerede On Boarding forl\u00f8b Optimerede team performance med afs\u00e6t i den enkelte medarbejder<\/p>\n","protected":false},"author":1,"featured_media":0,"parent":0,"menu_order":0,"comment_status":"closed","ping_status":"closed","template":"","meta":{"inline_featured_image":false,"_themeisle_gutenberg_block_has_review":false,"footnotes":""},"class_list":["post-31","page","type-page","status-publish","hentry"],"_links":{"self":[{"href":"https:\/\/vibekeholm.dk\/index.php\/wp-json\/wp\/v2\/pages\/31","targetHints":{"allow":["GET"]}}],"collection":[{"href":"https:\/\/vibekeholm.dk\/index.php\/wp-json\/wp\/v2\/pages"}],"about":[{"href":"https:\/\/vibekeholm.dk\/index.php\/wp-json\/wp\/v2\/types\/page"}],"author":[{"embeddable":true,"href":"https:\/\/vibekeholm.dk\/index.php\/wp-json\/wp\/v2\/users\/1"}],"replies":[{"embeddable":true,"href":"https:\/\/vibekeholm.dk\/index.php\/wp-json\/wp\/v2\/comments?post=31"}],"version-history":[{"count":3,"href":"https:\/\/vibekeholm.dk\/index.php\/wp-json\/wp\/v2\/pages\/31\/revisions"}],"predecessor-version":[{"id":122,"href":"https:\/\/vibekeholm.dk\/index.php\/wp-json\/wp\/v2\/pages\/31\/revisions\/122"}],"wp:attachment":[{"href":"https:\/\/vibekeholm.dk\/index.php\/wp-json\/wp\/v2\/media?parent=31"}],"curies":[{"name":"wp","href":"https:\/\/api.w.org\/{rel}","templated":true}]}}